{"id":383,"date":"2021-04-12T14:31:16","date_gmt":"2021-04-12T14:31:16","guid":{"rendered":"https:\/\/workspace.cohnwolfe.is\/?page_id=383"},"modified":"2026-04-01T09:35:08","modified_gmt":"2026-04-01T09:35:08","slug":"hafdu-samband","status":"publish","type":"page","link":"https:\/\/cohnwolfe.is\/index.php\/hafdu-samband\/","title":{"rendered":"Haf\u00f0u samband"},"content":{"rendered":"\t\t<div data-elementor-type=\"wp-page\" data-elementor-id=\"383\" class=\"elementor elementor-383\" data-elementor-post-type=\"page\">\n\t\t\t\t\t\t<section class=\"elementor-section elementor-top-section elementor-element elementor-element-1e92bfa elementor-section-boxed elementor-section-height-default elementor-section-height-default\" data-id=\"1e92bfa\" data-element_type=\"section\" data-e-type=\"section\">\n\t\t\t\t\t\t<div class=\"elementor-container elementor-column-gap-default\">\n\t\t\t\t\t<div class=\"elementor-column elementor-col-50 elementor-top-column elementor-element elementor-element-8f3d2d6\" data-id=\"8f3d2d6\" data-element_type=\"column\" data-e-type=\"column\">\n\t\t\t<div class=\"elementor-widget-wrap elementor-element-populated\">\n\t\t\t\t\t\t<div class=\"elementor-element elementor-element-f1f11f2 elementor-widget elementor-widget-heading\" data-id=\"f1f11f2\" data-element_type=\"widget\" data-e-type=\"widget\" data-widget_type=\"heading.default\">\n\t\t\t\t<div class=\"elementor-widget-container\">\n\t\t\t\t\t<h2 class=\"elementor-heading-title elementor-size-default\">Hefur\u00f0u \u00e1huga \u00e1 fagmennsku og g\u00e6\u00f0um?<\/h2>\t\t\t\t<\/div>\n\t\t\t\t<\/div>\n\t\t\t\t<div class=\"elementor-element elementor-element-7bfa85d elementor-widget elementor-widget-text-editor\" data-id=\"7bfa85d\" data-element_type=\"widget\" data-e-type=\"widget\" data-widget_type=\"text-editor.default\">\n\t\t\t\t<div class=\"elementor-widget-container\">\n\t\t\t\t\t\t\t\t\t<h4>&nbsp;e\u00f0a sendu t\u00f6lvup\u00f3stCohn &amp; Wolfe tekst \u00e1 vi\u00f0 krefjandi \u00e1skoranir og verkefni me\u00f0 skapandi vinnugle\u00f0i a\u00f0 vopni og \u00f3\u00ferj\u00f3tandi \u00feekkingarleit \u00ed brj\u00f3sti sem skapar skemmtilegt andr\u00famsloft og &#8211; ekki s\u00edst &#8211; \u00e1rangur fyrir vi\u00f0skiptavini okkar og samstarfsa\u00f0ila.<\/h4>\n<p>Komdu \u00ed heims\u00f3kn. Vertu \u00ed h\u00f3pi \u00feeirra bestu. Mundu bara. Vi\u00f0&nbsp;eigum okkur enga keppinauta. Vi\u00f0 keppum ekki vi\u00f0 a\u00f0ra.&nbsp;\u00dea\u00f0 er bara \u00feannig. Me\u00f0 inns\u00fdn, \u00e1huga og fagmennsku a\u00f0 vopni stefnum vi\u00f0 a\u00f0&nbsp;\u00fev\u00ed a\u00f0 sigra okkur sj\u00e1lf.&nbsp;Vi\u00f0 erum okkar eigin keppinautar. Hvern dag. Ef \u00fe\u00fa fattar \u00e1&nbsp;1,3 sek. a\u00f0 lofor\u00f0, \u00e1rei\u00f0anleiki, a\u00f0gengileiki og notagildi geti m\u00f6gulega sta\u00f0i\u00f0 fyrir fagmennsku okkar \u00fe\u00e1 ertu ok.&nbsp;Ef \u00fe\u00fa telur \u00feig geta unni\u00f0 \u00e1 \u00feessum forsendum, haf\u00f0u \u00fe\u00e1 samband. Annars ekki \ud83d\ude09 takk.<\/p>\n<h4><strong>Hringdu e\u00f0a sendu t\u00f6lvup\u00f3st:<\/strong><\/h4>\n<h4><b>Ingvar \u00d6rn Ingvarson: 898 5107<br><\/b><b style=\"font-style: inherit;\">Kristj\u00e1n Schram: 822 8818<br><\/b><b style=\"font-style: inherit;\">Gunnhildur Birna Gunnarsd\u00f3ttir: 898 5175<br><\/b><b style=\"font-style: inherit;\">Haraldur Sigur\u00f0arson: 898 5145<\/b><\/h4>\n<h4><strong>T\u00f6lvup\u00f3stfang:&nbsp;reykjavik@cohnwolfe.is<\/strong><\/h4>\t\t\t\t\t\t\t\t<\/div>\n\t\t\t\t<\/div>\n\t\t\t\t\t<\/div>\n\t\t<\/div>\n\t\t\t\t<div class=\"elementor-column elementor-col-50 elementor-top-column elementor-element elementor-element-1adfd31\" data-id=\"1adfd31\" data-element_type=\"column\" data-e-type=\"column\">\n\t\t\t<div class=\"elementor-widget-wrap elementor-element-populated\">\n\t\t\t\t\t\t<div class=\"elementor-element elementor-element-0704451 elementor-widget elementor-widget-theme-post-featured-image elementor-widget-image\" data-id=\"0704451\" data-element_type=\"widget\" data-e-type=\"widget\" data-widget_type=\"theme-post-featured-image.default\">\n\t\t\t\t<div class=\"elementor-widget-container\">\n\t\t\t\t\t\t\t\t\t\t\t\t\t\t\t<img fetchpriority=\"high\" decoding=\"async\" width=\"1024\" height=\"902\" src=\"https:\/\/cohnwolfe.is\/wp-content\/uploads\/2022\/09\/cw_glaesibaer_reykjavik-e1662484972678-1024x902.jpg\" class=\"attachment-large size-large wp-image-957\" alt=\"\" srcset=\"https:\/\/cohnwolfe.is\/wp-content\/uploads\/2022\/09\/cw_glaesibaer_reykjavik-e1662484972678-1024x902.jpg 1024w, https:\/\/cohnwolfe.is\/wp-content\/uploads\/2022\/09\/cw_glaesibaer_reykjavik-e1662484972678-300x264.jpg 300w, https:\/\/cohnwolfe.is\/wp-content\/uploads\/2022\/09\/cw_glaesibaer_reykjavik-e1662484972678-768x677.jpg 768w, https:\/\/cohnwolfe.is\/wp-content\/uploads\/2022\/09\/cw_glaesibaer_reykjavik-e1662484972678.jpg 1135w\" sizes=\"(max-width: 1024px) 100vw, 1024px\" \/>\t\t\t\t\t\t\t\t\t\t\t\t\t\t\t<\/div>\n\t\t\t\t<\/div>\n\t\t\t\t\t<\/div>\n\t\t<\/div>\n\t\t\t\t\t<\/div>\n\t\t<\/section>\n\t\t\t\t<section class=\"elementor-section elementor-top-section elementor-element elementor-element-c7799a6 elementor-section-boxed elementor-section-height-default elementor-section-height-default\" data-id=\"c7799a6\" data-element_type=\"section\" data-e-type=\"section\">\n\t\t\t\t\t\t<div class=\"elementor-container elementor-column-gap-default\">\n\t\t\t\t\t<div class=\"elementor-column elementor-col-50 elementor-top-column elementor-element elementor-element-e349b04\" data-id=\"e349b04\" data-element_type=\"column\" data-e-type=\"column\">\n\t\t\t<div class=\"elementor-widget-wrap elementor-element-populated\">\n\t\t\t\t\t\t<div class=\"elementor-element elementor-element-179ff6d elementor-widget elementor-widget-google_maps\" data-id=\"179ff6d\" data-element_type=\"widget\" data-e-type=\"widget\" data-widget_type=\"google_maps.default\">\n\t\t\t\t<div class=\"elementor-widget-container\">\n\t\t\t\t\t\t\t<div class=\"elementor-custom-embed\">\n\t\t\t<iframe loading=\"lazy\"\n\t\t\t\t\tsrc=\"https:\/\/maps.google.com\/maps?q=Bjargargata%201&#038;t=m&#038;z=12&#038;output=embed&#038;iwloc=near\"\n\t\t\t\t\ttitle=\"Bjargargata 1\"\n\t\t\t\t\taria-label=\"Bjargargata 1\"\n\t\t\t><\/iframe>\n\t\t<\/div>\n\t\t\t\t\t\t<\/div>\n\t\t\t\t<\/div>\n\t\t\t\t\t<\/div>\n\t\t<\/div>\n\t\t\t\t<div class=\"elementor-column elementor-col-50 elementor-top-column elementor-element elementor-element-9ca1bb7\" data-id=\"9ca1bb7\" data-element_type=\"column\" data-e-type=\"column\">\n\t\t\t<div class=\"elementor-widget-wrap elementor-element-populated\">\n\t\t\t\t\t\t<div class=\"elementor-element elementor-element-c06171a elementor-widget elementor-widget-text-editor\" data-id=\"c06171a\" data-element_type=\"widget\" data-e-type=\"widget\" data-widget_type=\"text-editor.default\">\n\t\t\t\t<div class=\"elementor-widget-container\">\n\t\t\t\t\t\t\t\t\t<p><strong>Cohn &amp; Wolfe \u00cdslandi ehf. almannatengsl<br \/><\/strong>Hluti af WPP Group, Grey Global Group, Young &amp; Rubicam Group<\/p><p>A\u00f0setur: Gr\u00f3ska Bjargarg\u00f6tu 1, 102 reykjav\u00edk<br \/><span style=\"font-size: 15px;\">P\u00f3stfang: Gr\u00f3ska Bjargarg\u00f6tu 1, 102 reykjav\u00edk<\/span><\/p><p><br \/><br \/><\/p>\t\t\t\t\t\t\t\t<\/div>\n\t\t\t\t<\/div>\n\t\t\t\t\t<\/div>\n\t\t<\/div>\n\t\t\t\t\t<\/div>\n\t\t<\/section>\n\t\t\t\t<\/div>\n\t\t","protected":false},"excerpt":{"rendered":"<p>Hefur\u00f0u \u00e1huga \u00e1 fagmennsku og g\u00e6\u00f0um? &nbsp;e\u00f0a sendu t\u00f6lvup\u00f3stCohn &amp; Wolfe tekst \u00e1 vi\u00f0 krefjandi \u00e1skoranir og verkefni me\u00f0 skapandi vinnugle\u00f0i a\u00f0 vopni og \u00f3\u00ferj\u00f3tandi \u00feekkingarleit \u00ed brj\u00f3sti sem skapar skemmtilegt andr\u00famsloft og &#8211; ekki s\u00edst &#8211; \u00e1rangur fyrir vi\u00f0skiptavini okkar og samstarfsa\u00f0ila. Komdu \u00ed heims\u00f3kn. Vertu \u00ed h\u00f3pi \u00feeirra bestu. Mundu bara. Vi\u00f0&nbsp;eigum okkur&#8230;<\/p>\n<p class=\"more-link\"><a href=\"https:\/\/cohnwolfe.is\/index.php\/hafdu-samband\/\"><span>Read More<\/span><i>&#43;<\/i><\/a><\/p>\n","protected":false},"author":2,"featured_media":957,"parent":0,"menu_order":0,"comment_status":"closed","ping_status":"closed","template":"","meta":{"footnotes":""},"class_list":["post-383","page","type-page","status-publish","has-post-thumbnail","hentry"],"_links":{"self":[{"href":"https:\/\/cohnwolfe.is\/index.php\/wp-json\/wp\/v2\/pages\/383","targetHints":{"allow":["GET"]}}],"collection":[{"href":"https:\/\/cohnwolfe.is\/index.php\/wp-json\/wp\/v2\/pages"}],"about":[{"href":"https:\/\/cohnwolfe.is\/index.php\/wp-json\/wp\/v2\/types\/page"}],"author":[{"embeddable":true,"href":"https:\/\/cohnwolfe.is\/index.php\/wp-json\/wp\/v2\/users\/2"}],"replies":[{"embeddable":true,"href":"https:\/\/cohnwolfe.is\/index.php\/wp-json\/wp\/v2\/comments?post=383"}],"version-history":[{"count":47,"href":"https:\/\/cohnwolfe.is\/index.php\/wp-json\/wp\/v2\/pages\/383\/revisions"}],"predecessor-version":[{"id":1311,"href":"https:\/\/cohnwolfe.is\/index.php\/wp-json\/wp\/v2\/pages\/383\/revisions\/1311"}],"wp:featuredmedia":[{"embeddable":true,"href":"https:\/\/cohnwolfe.is\/index.php\/wp-json\/wp\/v2\/media\/957"}],"wp:attachment":[{"href":"https:\/\/cohnwolfe.is\/index.php\/wp-json\/wp\/v2\/media?parent=383"}],"curies":[{"name":"wp","href":"https:\/\/api.w.org\/{rel}","templated":true}]}}