{"id":345,"date":"2021-03-26T14:58:00","date_gmt":"2021-03-26T14:58:00","guid":{"rendered":"https:\/\/workspace.cohnwolfe.is\/?page_id=345"},"modified":"2021-04-15T11:30:42","modified_gmt":"2021-04-15T11:30:42","slug":"innsyn-i-almannatengsl","status":"publish","type":"page","link":"https:\/\/cohnwolfe.is\/index.php\/innsyn-i-almannatengsl\/","title":{"rendered":"Inns\u00fdn \u00ed almannatengsl"},"content":{"rendered":"\t\t<div data-elementor-type=\"wp-page\" data-elementor-id=\"345\" class=\"elementor elementor-345\" data-elementor-post-type=\"page\">\n\t\t\t\t\t\t<section class=\"elementor-section elementor-top-section elementor-element elementor-element-8375c75 elementor-section-boxed elementor-section-height-default elementor-section-height-default\" data-id=\"8375c75\" data-element_type=\"section\" data-e-type=\"section\">\n\t\t\t\t\t\t<div class=\"elementor-container elementor-column-gap-default\">\n\t\t\t\t\t<div class=\"elementor-column elementor-col-100 elementor-top-column elementor-element elementor-element-da44d5e\" data-id=\"da44d5e\" data-element_type=\"column\" data-e-type=\"column\">\n\t\t\t<div class=\"elementor-widget-wrap elementor-element-populated\">\n\t\t\t\t\t\t<section class=\"elementor-section elementor-inner-section elementor-element elementor-element-1b85728 elementor-section-boxed elementor-section-height-default elementor-section-height-default\" data-id=\"1b85728\" data-element_type=\"section\" data-e-type=\"section\">\n\t\t\t\t\t\t<div class=\"elementor-container elementor-column-gap-default\">\n\t\t\t\t\t<div class=\"elementor-column elementor-col-50 elementor-inner-column elementor-element elementor-element-5b5ad33\" data-id=\"5b5ad33\" data-element_type=\"column\" data-e-type=\"column\">\n\t\t\t<div class=\"elementor-widget-wrap elementor-element-populated\">\n\t\t\t\t\t\t<div class=\"elementor-element elementor-element-dc8148c elementor-widget elementor-widget-heading\" data-id=\"dc8148c\" data-element_type=\"widget\" data-e-type=\"widget\" data-widget_type=\"heading.default\">\n\t\t\t\t<div class=\"elementor-widget-container\">\n\t\t\t\t\t<h2 class=\"elementor-heading-title elementor-size-default\">\u00dea\u00f0 er ekki n\u00f3g a\u00f0 hugsa \u00fea\u00f0 sama og hinir\u2026<\/h2>\t\t\t\t<\/div>\n\t\t\t\t<\/div>\n\t\t\t\t<div class=\"elementor-element elementor-element-566f83b elementor-widget elementor-widget-text-editor\" data-id=\"566f83b\" data-element_type=\"widget\" data-e-type=\"widget\" data-widget_type=\"text-editor.default\">\n\t\t\t\t<div class=\"elementor-widget-container\">\n\t\t\t\t\t\t\t\t\t<h3>\u00de\u00fa ver\u00f0ur a\u00f0 gera \u00fea\u00f0, sem \u00f6\u00f0rum hefur enn ekki hugkv\u00e6mst<\/h3>\n<p>Ver\u00f6ldin er s\u00edbreytileg. \u00c1 st\u00f6\u00f0ugri hreyfingu. Skilningur \u00e1 straumum og stefnum l\u00ed\u00f0andi stundar og \u00feeim t\u00e6kif\u00e6rum sem \u00fear leynast, er frumforsenda \u00e1rangurs. Vi\u00f0skiptavinir Cohn &amp; Wolfe \u00cdslandi f\u00e1 \u00f3takmarka\u00f0an a\u00f0gang a\u00f0 s\u00e9rfr\u00e6\u00f0i\u00feekkingu \u00ed bo\u00f0skiptum, sem byggir \u00e1 meira en 30 \u00e1ra reynslu af samstarfi vi\u00f0 st\u00e6rstu v\u00f6rumerki heims, efnilegustu n\u00fdli\u00f0ana og allt \u00fear \u00e1 milli. Reynsla okkar skilar s\u00e9r \u00ed hnitmi\u00f0a\u00f0ri greiningu og framsetningu \u00e1 mikilv\u00e6gustu vi\u00f0fangsefnum dagsins.<\/p>\t\t\t\t\t\t\t\t<\/div>\n\t\t\t\t<\/div>\n\t\t\t\t\t<\/div>\n\t\t<\/div>\n\t\t\t\t<div class=\"elementor-column elementor-col-50 elementor-inner-column elementor-element elementor-element-a86c31d\" data-id=\"a86c31d\" data-element_type=\"column\" data-e-type=\"column\">\n\t\t\t<div class=\"elementor-widget-wrap elementor-element-populated\">\n\t\t\t\t\t\t<div class=\"elementor-element elementor-element-b4e9ec8 elementor-widget elementor-widget-image\" data-id=\"b4e9ec8\" data-element_type=\"widget\" data-e-type=\"widget\" data-widget_type=\"image.default\">\n\t\t\t\t<div class=\"elementor-widget-container\">\n\t\t\t\t\t\t\t\t\t\t\t\t<figure class=\"wp-caption\">\n\t\t\t\t\t\t\t\t\t\t<img fetchpriority=\"high\" decoding=\"async\" width=\"768\" height=\"768\" src=\"https:\/\/cohnwolfe.is\/wp-content\/uploads\/2021\/03\/9qykmbbcfjc-scaled-e1618247430307-768x768.jpg\" class=\"attachment-medium_large size-medium_large wp-image-347\" alt=\"man sitting in the top of the mountain\" srcset=\"https:\/\/cohnwolfe.is\/wp-content\/uploads\/2021\/03\/9qykmbbcfjc-scaled-e1618247430307-768x768.jpg 768w, https:\/\/cohnwolfe.is\/wp-content\/uploads\/2021\/03\/9qykmbbcfjc-scaled-e1618247430307-300x300.jpg 300w, https:\/\/cohnwolfe.is\/wp-content\/uploads\/2021\/03\/9qykmbbcfjc-scaled-e1618247430307-1024x1024.jpg 1024w, https:\/\/cohnwolfe.is\/wp-content\/uploads\/2021\/03\/9qykmbbcfjc-scaled-e1618247430307-150x150.jpg 150w, https:\/\/cohnwolfe.is\/wp-content\/uploads\/2021\/03\/9qykmbbcfjc-scaled-e1618247430307-570x570.jpg 570w, https:\/\/cohnwolfe.is\/wp-content\/uploads\/2021\/03\/9qykmbbcfjc-scaled-e1618247430307-380x380.jpg 380w, https:\/\/cohnwolfe.is\/wp-content\/uploads\/2021\/03\/9qykmbbcfjc-scaled-e1618247430307-285x285.jpg 285w, https:\/\/cohnwolfe.is\/wp-content\/uploads\/2021\/03\/9qykmbbcfjc-scaled-e1618247430307.jpg 1080w\" sizes=\"(max-width: 768px) 100vw, 768px\" \/>\t\t\t\t\t\t\t\t\t\t\t<figcaption class=\"widget-image-caption wp-caption-text\"><\/figcaption>\n\t\t\t\t\t\t\t\t\t\t<\/figure>\n\t\t\t\t\t\t\t\t\t<\/div>\n\t\t\t\t<\/div>\n\t\t\t\t\t<\/div>\n\t\t<\/div>\n\t\t\t\t\t<\/div>\n\t\t<\/section>\n\t\t\t\t\t<\/div>\n\t\t<\/div>\n\t\t\t\t\t<\/div>\n\t\t<\/section>\n\t\t\t\t<section class=\"elementor-section elementor-top-section elementor-element elementor-element-064223f elementor-section-boxed elementor-section-height-default elementor-section-height-default\" data-id=\"064223f\" data-element_type=\"section\" data-e-type=\"section\">\n\t\t\t\t\t\t<div class=\"elementor-container elementor-column-gap-default\">\n\t\t\t\t\t<div class=\"elementor-column elementor-col-100 elementor-top-column elementor-element elementor-element-0d11270\" data-id=\"0d11270\" data-element_type=\"column\" data-e-type=\"column\">\n\t\t\t<div class=\"elementor-widget-wrap elementor-element-populated\">\n\t\t\t\t\t\t<div class=\"elementor-element elementor-element-8bbbed0 elementor-widget elementor-widget-heading\" data-id=\"8bbbed0\" data-element_type=\"widget\" data-e-type=\"widget\" data-widget_type=\"heading.default\">\n\t\t\t\t<div class=\"elementor-widget-container\">\n\t\t\t\t\t<h2 class=\"elementor-heading-title elementor-size-default\">Lei\u00f0andi hugsun<\/h2>\t\t\t\t<\/div>\n\t\t\t\t<\/div>\n\t\t\t\t\t<\/div>\n\t\t<\/div>\n\t\t\t\t\t<\/div>\n\t\t<\/section>\n\t\t\t\t<section class=\"elementor-section elementor-top-section elementor-element elementor-element-fac7811 elementor-section-boxed elementor-section-height-default elementor-section-height-default\" data-id=\"fac7811\" data-element_type=\"section\" data-e-type=\"section\">\n\t\t\t\t\t\t<div class=\"elementor-container elementor-column-gap-default\">\n\t\t\t\t\t<div class=\"elementor-column elementor-col-100 elementor-top-column elementor-element elementor-element-5a1d501\" data-id=\"5a1d501\" data-element_type=\"column\" data-e-type=\"column\">\n\t\t\t<div class=\"elementor-widget-wrap elementor-element-populated\">\n\t\t\t\t\t\t<div class=\"elementor-element elementor-element-6af4339 elementor-widget elementor-widget-spacer\" data-id=\"6af4339\" data-element_type=\"widget\" data-e-type=\"widget\" data-widget_type=\"spacer.default\">\n\t\t\t\t<div class=\"elementor-widget-container\">\n\t\t\t\t\t\t\t<div class=\"elementor-spacer\">\n\t\t\t<div class=\"elementor-spacer-inner\"><\/div>\n\t\t<\/div>\n\t\t\t\t\t\t<\/div>\n\t\t\t\t<\/div>\n\t\t\t\t\t<\/div>\n\t\t<\/div>\n\t\t\t\t\t<\/div>\n\t\t<\/section>\n\t\t\t\t<section class=\"elementor-section elementor-top-section elementor-element elementor-element-6f17587 elementor-section-boxed elementor-section-height-default elementor-section-height-default\" data-id=\"6f17587\" data-element_type=\"section\" data-e-type=\"section\">\n\t\t\t\t\t\t<div class=\"elementor-container elementor-column-gap-default\">\n\t\t\t\t\t<div class=\"elementor-column elementor-col-100 elementor-top-column elementor-element elementor-element-f76f0bf\" data-id=\"f76f0bf\" data-element_type=\"column\" data-e-type=\"column\">\n\t\t\t<div class=\"elementor-widget-wrap elementor-element-populated\">\n\t\t\t\t\t\t<div class=\"elementor-element elementor-element-3ecb717 elementor-grid-3 elementor-grid-tablet-2 elementor-grid-mobile-1 elementor-posts--thumbnail-top elementor-widget elementor-widget-posts\" data-id=\"3ecb717\" data-element_type=\"widget\" data-e-type=\"widget\" data-settings=\"{&quot;classic_columns&quot;:&quot;3&quot;,&quot;classic_columns_tablet&quot;:&quot;2&quot;,&quot;classic_columns_mobile&quot;:&quot;1&quot;,&quot;classic_row_gap&quot;:{&quot;unit&quot;:&quot;px&quot;,&quot;size&quot;:35,&quot;sizes&quot;:[]},&quot;classic_row_gap_tablet&quot;:{&quot;unit&quot;:&quot;px&quot;,&quot;size&quot;:&quot;&quot;,&quot;sizes&quot;:[]},&quot;classic_row_gap_mobile&quot;:{&quot;unit&quot;:&quot;px&quot;,&quot;size&quot;:&quot;&quot;,&quot;sizes&quot;:[]}}\" data-widget_type=\"posts.classic\">\n\t\t\t\t<div class=\"elementor-widget-container\">\n\t\t\t\t\t\t\t<div class=\"elementor-posts-container elementor-posts elementor-posts--skin-classic elementor-grid\">\n\t\t\t\t<article class=\"elementor-post elementor-grid-item post-187 post type-post status-publish format-standard hentry category-ulfaslod\">\n\t\t\t\t<div class=\"elementor-post__text\">\n\t\t\t\t<h2 class=\"elementor-post__title\">\n\t\t\t<a href=\"https:\/\/cohnwolfe.is\/index.php\/2015\/03\/16\/thadh-var-engin-kreppa-a-islandi\/\" >\n\t\t\t\t\u00dea\u00f0 var engin kreppa \u00e1 \u00cdslandi\t\t\t<\/a>\n\t\t<\/h2>\n\t\t\t\t<div class=\"elementor-post__excerpt\">\n\t\t\t<p>\u00cdslendingar tala enn um efnahagshruni\u00f0 hausti\u00f0 2008 og \u00fe\u00e1 kreppu sem fylgdi \u00ed kj\u00f6lfari\u00f0. N\u00fa, um sj\u00f6 \u00e1rum s\u00ed\u00f0ar, hafa<\/p>\n\t\t<\/div>\n\t\t\n\t\t<a class=\"elementor-post__read-more\" href=\"https:\/\/cohnwolfe.is\/index.php\/2015\/03\/16\/thadh-var-engin-kreppa-a-islandi\/\" aria-label=\"Read more about \u00dea\u00f0 var engin kreppa \u00e1 \u00cdslandi\" tabindex=\"-1\" >\n\t\t\tsmelltu &amp; lestu \u00bb\t\t<\/a>\n\n\t\t\t\t<\/div>\n\t\t\t\t<\/article>\n\t\t\t\t<article class=\"elementor-post elementor-grid-item post-121 post type-post status-publish format-standard hentry category-innsyn-i-almannatengsl\">\n\t\t\t\t<div class=\"elementor-post__text\">\n\t\t\t\t<h2 class=\"elementor-post__title\">\n\t\t\t<a href=\"https:\/\/cohnwolfe.is\/index.php\/2014\/06\/02\/beitti-framsoknarflokkurinn-i-reykjavik-pr-bragdhi\/\" >\n\t\t\t\tBeitti Frams\u00f3knarflokkurinn \u00ed Reykjav\u00edk &#8220;pr-brag\u00f0i&#8221;?\t\t\t<\/a>\n\t\t<\/h2>\n\t\t\t\t<div class=\"elementor-post__excerpt\">\n\t\t\t<p>P\u00f3lun e\u00f0a m\u00f3tsetning fjallar um hvernig eitthva\u00f0 hefur tilhneigingu til a\u00f0 sn\u00faa e\u00f0a vaxa \u00ed \u00e1kve\u00f0na \u00e1tt e\u00f0a jafnvel hugsa<\/p>\n\t\t<\/div>\n\t\t\n\t\t<a class=\"elementor-post__read-more\" href=\"https:\/\/cohnwolfe.is\/index.php\/2014\/06\/02\/beitti-framsoknarflokkurinn-i-reykjavik-pr-bragdhi\/\" aria-label=\"Read more about Beitti Frams\u00f3knarflokkurinn \u00ed Reykjav\u00edk &#8220;pr-brag\u00f0i&#8221;?\" tabindex=\"-1\" >\n\t\t\tsmelltu &amp; lestu \u00bb\t\t<\/a>\n\n\t\t\t\t<\/div>\n\t\t\t\t<\/article>\n\t\t\t\t<article class=\"elementor-post elementor-grid-item post-66 post type-post status-publish format-standard hentry category-innsyn-i-almannatengsl\">\n\t\t\t\t<div class=\"elementor-post__text\">\n\t\t\t\t<h2 class=\"elementor-post__title\">\n\t\t\t<a href=\"https:\/\/cohnwolfe.is\/index.php\/2013\/08\/22\/islensk-umraedhuhefdh-a-timum-threnginga\/\" >\n\t\t\t\t\u00c9tt\u00b4ann sj\u00e1lfur &#8211; \u00edslensk umr\u00e6\u00f0uhef\u00f0 \u00e1 t\u00edmum \u00ferenginga\t\t\t<\/a>\n\t\t<\/h2>\n\t\t\t\t<div class=\"elementor-post__excerpt\">\n\t\t\t<p>Sapera aude! \u2013 Immanuel Kant \u00deegar tala\u00f0 er um \u00edslenska umr\u00e6\u00f0uhef\u00f0 dettur m\u00f6rgum \u00edslensk stj\u00f3rnm\u00e1l fyrst \u00ed hug. Enda hafa<\/p>\n\t\t<\/div>\n\t\t\n\t\t<a class=\"elementor-post__read-more\" href=\"https:\/\/cohnwolfe.is\/index.php\/2013\/08\/22\/islensk-umraedhuhefdh-a-timum-threnginga\/\" aria-label=\"Read more about \u00c9tt\u00b4ann sj\u00e1lfur &#8211; \u00edslensk umr\u00e6\u00f0uhef\u00f0 \u00e1 t\u00edmum \u00ferenginga\" tabindex=\"-1\" >\n\t\t\tsmelltu &amp; lestu \u00bb\t\t<\/a>\n\n\t\t\t\t<\/div>\n\t\t\t\t<\/article>\n\t\t\t\t<article class=\"elementor-post elementor-grid-item post-64 post type-post status-publish format-standard hentry category-innsyn-i-almannatengsl\">\n\t\t\t\t<div class=\"elementor-post__text\">\n\t\t\t\t<h2 class=\"elementor-post__title\">\n\t\t\t<a href=\"https:\/\/cohnwolfe.is\/index.php\/2013\/07\/19\/hvadh-er-metvara\/\" >\n\t\t\t\tHva\u00f0 er metvara?\t\t\t<\/a>\n\t\t<\/h2>\n\t\t\t\t<div class=\"elementor-post__excerpt\">\n\t\t\t<p>Hvernig f\u00e9lagsleg s\u00e9reinkenni ur\u00f0u drifkraftur og l\u00edf\u00e6\u00f0 neyslunnar \u00c1hugi manna \u00e1 samskiptum, hvort sem \u00fea\u00f0 er \u00ed f\u00e9lagi vi\u00f0 a\u00f0ra<\/p>\n\t\t<\/div>\n\t\t\n\t\t<a class=\"elementor-post__read-more\" href=\"https:\/\/cohnwolfe.is\/index.php\/2013\/07\/19\/hvadh-er-metvara\/\" aria-label=\"Read more about Hva\u00f0 er metvara?\" tabindex=\"-1\" >\n\t\t\tsmelltu &amp; lestu \u00bb\t\t<\/a>\n\n\t\t\t\t<\/div>\n\t\t\t\t<\/article>\n\t\t\t\t<article class=\"elementor-post elementor-grid-item post-58 post type-post status-publish format-standard hentry category-innsyn-i-almannatengsl\">\n\t\t\t\t<div class=\"elementor-post__text\">\n\t\t\t\t<h2 class=\"elementor-post__title\">\n\t\t\t<a href=\"https:\/\/cohnwolfe.is\/index.php\/2013\/07\/02\/fjorar-lexiur\/\" >\n\t\t\t\tFj\u00f3rar lex\u00edur\t\t\t<\/a>\n\t\t<\/h2>\n\t\t\t\t<div class=\"elementor-post__excerpt\">\n\t\t\t<p>Sko\u00f0um nokkrar \u00e1st\u00e6\u00f0ur fyrir \u00fev\u00ed hvers vegna samh\u00e6f\u00f0 bo\u00f0mi\u00f0lun er nau\u00f0synleg vi\u00f0 m\u00f6rkun. \u00cd fyrsta lagi fj\u00f6lgar bo\u00f0lei\u00f0um. \u00cd \u00f6\u00f0ru<\/p>\n\t\t<\/div>\n\t\t\n\t\t<a class=\"elementor-post__read-more\" href=\"https:\/\/cohnwolfe.is\/index.php\/2013\/07\/02\/fjorar-lexiur\/\" aria-label=\"Read more about Fj\u00f3rar lex\u00edur\" tabindex=\"-1\" >\n\t\t\tsmelltu &amp; lestu \u00bb\t\t<\/a>\n\n\t\t\t\t<\/div>\n\t\t\t\t<\/article>\n\t\t\t\t<article class=\"elementor-post elementor-grid-item post-53 post type-post status-publish format-standard hentry category-innsyn-i-almannatengsl\">\n\t\t\t\t<div class=\"elementor-post__text\">\n\t\t\t\t<h2 class=\"elementor-post__title\">\n\t\t\t<a href=\"https:\/\/cohnwolfe.is\/index.php\/2013\/07\/02\/tvaer-leidhir-til-moerkunar-tvaer-skilgreiningar-badhar-gildar\/\" >\n\t\t\t\tTv\u00e6r lei\u00f0ir til m\u00f6rkunar. Tv\u00e6r skilgreiningar &#8211; b\u00e1\u00f0ar gildar?\t\t\t<\/a>\n\t\t<\/h2>\n\t\t\t\t<div class=\"elementor-post__excerpt\">\n\t\t\t<p>Gr\u00f3flega tali\u00f0 eru tv\u00e6r lei\u00f0ir fram \u00e1 vi\u00f0 til aukinnar hlutdeildar \u00e1 marka\u00f0i. Vi\u00f0 getum l\u00e6kka\u00f0 ver\u00f0 \u2013 sem er<\/p>\n\t\t<\/div>\n\t\t\n\t\t<a class=\"elementor-post__read-more\" href=\"https:\/\/cohnwolfe.is\/index.php\/2013\/07\/02\/tvaer-leidhir-til-moerkunar-tvaer-skilgreiningar-badhar-gildar\/\" aria-label=\"Read more about Tv\u00e6r lei\u00f0ir til m\u00f6rkunar. Tv\u00e6r skilgreiningar &#8211; b\u00e1\u00f0ar gildar?\" tabindex=\"-1\" >\n\t\t\tsmelltu &amp; lestu \u00bb\t\t<\/a>\n\n\t\t\t\t<\/div>\n\t\t\t\t<\/article>\n\t\t\t\t<article class=\"elementor-post elementor-grid-item post-52 post type-post status-publish format-standard hentry category-innsyn-i-almannatengsl\">\n\t\t\t\t<div class=\"elementor-post__text\">\n\t\t\t\t<h2 class=\"elementor-post__title\">\n\t\t\t<a href=\"https:\/\/cohnwolfe.is\/index.php\/2013\/07\/02\/moerkun-voeru-edha-moerkun-fyrirtaekis\/\" >\n\t\t\t\tM\u00f6rkun v\u00f6ru e\u00f0a m\u00f6rkun fyrirt\u00e6kis?\t\t\t<\/a>\n\t\t<\/h2>\n\t\t\t\t<div class=\"elementor-post__excerpt\">\n\t\t\t<p>\u00c1hersla \u00e1 m\u00f6rkun v\u00f6ru er ekki endilega r\u00e9tta a\u00f0fer\u00f0in til m\u00f6rkunar. Fyrir \u00e1kve\u00f0na \u00edslenska innflutningsa\u00f0ila er \u00fea\u00f0 st\u00f3r spurning og<\/p>\n\t\t<\/div>\n\t\t\n\t\t<a class=\"elementor-post__read-more\" href=\"https:\/\/cohnwolfe.is\/index.php\/2013\/07\/02\/moerkun-voeru-edha-moerkun-fyrirtaekis\/\" aria-label=\"Read more about M\u00f6rkun v\u00f6ru e\u00f0a m\u00f6rkun fyrirt\u00e6kis?\" tabindex=\"-1\" >\n\t\t\tsmelltu &amp; lestu \u00bb\t\t<\/a>\n\n\t\t\t\t<\/div>\n\t\t\t\t<\/article>\n\t\t\t\t<article class=\"elementor-post elementor-grid-item post-44 post type-post status-publish format-standard hentry category-innsyn-i-almannatengsl\">\n\t\t\t\t<div class=\"elementor-post__text\">\n\t\t\t\t<h2 class=\"elementor-post__title\">\n\t\t\t<a href=\"https:\/\/cohnwolfe.is\/index.php\/2013\/05\/24\/verksvitidh\/\" >\n\t\t\t\tVerksviti\u00f0 &#8211; lei\u00f0andi hugsun\t\t\t<\/a>\n\t\t<\/h2>\n\t\t\t\t<div class=\"elementor-post__excerpt\">\n\t\t\t<p>Lei\u00f0andi hugsun heldur utan um \u00fatgefin verk, stefnum\u00f3tanir (hv\u00edtbl\u00f6\u00f0), \u00e1litsger\u00f0ir, hagn\u00fdtar athuganir og \u00f6nnur lei\u00f0andi ranns\u00f3knir \u00e1 okkar vegum. Sannkalla\u00f0ur<\/p>\n\t\t<\/div>\n\t\t\n\t\t<a class=\"elementor-post__read-more\" href=\"https:\/\/cohnwolfe.is\/index.php\/2013\/05\/24\/verksvitidh\/\" aria-label=\"Read more about Verksviti\u00f0 &#8211; lei\u00f0andi hugsun\" tabindex=\"-1\" >\n\t\t\tsmelltu &amp; lestu \u00bb\t\t<\/a>\n\n\t\t\t\t<\/div>\n\t\t\t\t<\/article>\n\t\t\t\t<article class=\"elementor-post elementor-grid-item post-41 post type-post status-publish format-standard hentry category-innsyn-i-almannatengsl\">\n\t\t\t\t<div class=\"elementor-post__text\">\n\t\t\t\t<h2 class=\"elementor-post__title\">\n\t\t\t<a href=\"https:\/\/cohnwolfe.is\/index.php\/2013\/05\/14\/pistill-3-i-flokknum-innsyn\/\" >\n\t\t\t\tOkkar eigin \u00f3rei\u00f0a\t\t\t<\/a>\n\t\t<\/h2>\n\t\t\t\t<div class=\"elementor-post__excerpt\">\n\t\t\t<p>Hvernig me\u00f0vitund um \u201esi\u00f0gl\u00f6p\u201c getur leitt til breytinga \u00cdsland var fyrsta \u00fej\u00f3\u00f0in af m\u00f6rgum sem \u00feurftu a\u00f0 s\u00fapa sei\u00f0i\u00f0 af<\/p>\n\t\t<\/div>\n\t\t\n\t\t<a class=\"elementor-post__read-more\" href=\"https:\/\/cohnwolfe.is\/index.php\/2013\/05\/14\/pistill-3-i-flokknum-innsyn\/\" aria-label=\"Read more about Okkar eigin \u00f3rei\u00f0a\" tabindex=\"-1\" >\n\t\t\tsmelltu &amp; lestu \u00bb\t\t<\/a>\n\n\t\t\t\t<\/div>\n\t\t\t\t<\/article>\n\t\t\t\t<article class=\"elementor-post elementor-grid-item post-40 post type-post status-publish format-standard hentry category-innsyn-i-almannatengsl\">\n\t\t\t\t<div class=\"elementor-post__text\">\n\t\t\t\t<h2 class=\"elementor-post__title\">\n\t\t\t<a href=\"https:\/\/cohnwolfe.is\/index.php\/2013\/05\/14\/pistill-1-i-flokknum-innsyn\/\" >\n\t\t\t\tErt \u00fe\u00fa \u00fe\u00fa e\u00f0a \u00fea\u00f0 sem \u00fe\u00fa selur?\t\t\t<\/a>\n\t\t<\/h2>\n\t\t\t\t<div class=\"elementor-post__excerpt\">\n\t\t\t<p>Marka\u00f0svinna er \u00fer\u00f3unarvinna. Tilraunir fram og tilbaka. \u00deessvegna \u00feurfum vi\u00f0 \u00fer\u00f3unar\u00e1\u00e6tlun og s\u00f3knarstefnu sem hagst\u00e6tt lei\u00f0ir \u00fea\u00f0 skipulag sem vi\u00f0<\/p>\n\t\t<\/div>\n\t\t\n\t\t<a class=\"elementor-post__read-more\" href=\"https:\/\/cohnwolfe.is\/index.php\/2013\/05\/14\/pistill-1-i-flokknum-innsyn\/\" aria-label=\"Read more about Ert \u00fe\u00fa \u00fe\u00fa e\u00f0a \u00fea\u00f0 sem \u00fe\u00fa selur?\" tabindex=\"-1\" >\n\t\t\tsmelltu &amp; lestu \u00bb\t\t<\/a>\n\n\t\t\t\t<\/div>\n\t\t\t\t<\/article>\n\t\t\t\t<\/div>\n\t\t\n\t\t\t\t\t\t<\/div>\n\t\t\t\t<\/div>\n\t\t\t\t\t<\/div>\n\t\t<\/div>\n\t\t\t\t\t<\/div>\n\t\t<\/section>\n\t\t\t\t<\/div>\n\t\t","protected":false},"excerpt":{"rendered":"<p>\u00dea\u00f0 er ekki n\u00f3g a\u00f0 hugsa \u00fea\u00f0 sama og hinir\u2026 \u00de\u00fa ver\u00f0ur a\u00f0 gera \u00fea\u00f0, sem \u00f6\u00f0rum hefur enn ekki hugkv\u00e6mst Ver\u00f6ldin er s\u00edbreytileg. \u00c1 st\u00f6\u00f0ugri hreyfingu. Skilningur \u00e1 straumum og stefnum l\u00ed\u00f0andi stundar og \u00feeim t\u00e6kif\u00e6rum sem \u00fear leynast, er frumforsenda \u00e1rangurs. Vi\u00f0skiptavinir Cohn &amp; Wolfe \u00cdslandi f\u00e1 \u00f3takmarka\u00f0an a\u00f0gang a\u00f0 s\u00e9rfr\u00e6\u00f0i\u00feekkingu \u00ed bo\u00f0skiptum,&#8230;<\/p>\n<p class=\"more-link\"><a href=\"https:\/\/cohnwolfe.is\/index.php\/2013\/05\/14\/pistill-1-i-flokknum-innsyn\/\"><span>Read More<\/span><i>&#43;<\/i><\/a><\/p>\n","protected":false},"author":2,"featured_media":347,"parent":0,"menu_order":0,"comment_status":"closed","ping_status":"closed","template":"elementor_header_footer","meta":{"footnotes":""},"class_list":["post-345","page","type-page","status-publish","has-post-thumbnail","hentry"],"_links":{"self":[{"href":"https:\/\/cohnwolfe.is\/index.php\/wp-json\/wp\/v2\/pages\/345","targetHints":{"allow":["GET"]}}],"collection":[{"href":"https:\/\/cohnwolfe.is\/index.php\/wp-json\/wp\/v2\/pages"}],"about":[{"href":"https:\/\/cohnwolfe.is\/index.php\/wp-json\/wp\/v2\/types\/page"}],"author":[{"embeddable":true,"href":"https:\/\/cohnwolfe.is\/index.php\/wp-json\/wp\/v2\/users\/2"}],"replies":[{"embeddable":true,"href":"https:\/\/cohnwolfe.is\/index.php\/wp-json\/wp\/v2\/comments?post=345"}],"version-history":[{"count":54,"href":"https:\/\/cohnwolfe.is\/index.php\/wp-json\/wp\/v2\/pages\/345\/revisions"}],"predecessor-version":[{"id":712,"href":"https:\/\/cohnwolfe.is\/index.php\/wp-json\/wp\/v2\/pages\/345\/revisions\/712"}],"wp:featuredmedia":[{"embeddable":true,"href":"https:\/\/cohnwolfe.is\/index.php\/wp-json\/wp\/v2\/media\/347"}],"wp:attachment":[{"href":"https:\/\/cohnwolfe.is\/index.php\/wp-json\/wp\/v2\/media?parent=345"}],"curies":[{"name":"wp","href":"https:\/\/api.w.org\/{rel}","templated":true}]}}