{"id":325,"date":"2021-03-25T16:15:09","date_gmt":"2021-03-25T16:15:09","guid":{"rendered":"https:\/\/workspace.cohnwolfe.is\/?page_id=325"},"modified":"2024-04-09T12:19:35","modified_gmt":"2024-04-09T12:19:35","slug":"front-page","status":"publish","type":"page","link":"https:\/\/cohnwolfe.is\/","title":{"rendered":"Fors\u00ed\u00f0a"},"content":{"rendered":"\t\t<div data-elementor-type=\"wp-page\" data-elementor-id=\"325\" class=\"elementor elementor-325\" data-elementor-post-type=\"page\">\n\t\t\t\t\t\t<section class=\"elementor-section elementor-top-section elementor-element elementor-element-abc8281 elementor-section-boxed elementor-section-height-default elementor-section-height-default\" data-id=\"abc8281\" data-element_type=\"section\" data-e-type=\"section\">\n\t\t\t\t\t\t<div class=\"elementor-container elementor-column-gap-default\">\n\t\t\t\t\t\t<\/div>\n\t\t<\/section>\n\t\t\t\t<section class=\"elementor-section elementor-top-section elementor-element elementor-element-78b04fa8 elementor-section-content-middle elementor-section-height-min-height elementor-section-boxed elementor-section-height-default elementor-section-items-middle\" data-id=\"78b04fa8\" data-element_type=\"section\" data-e-type=\"section\" data-settings=\"{&quot;background_background&quot;:&quot;classic&quot;}\">\n\t\t\t\t\t\t<div class=\"elementor-container elementor-column-gap-no\">\n\t\t\t\t\t<div class=\"elementor-column elementor-col-100 elementor-top-column elementor-element elementor-element-4f9560c9\" data-id=\"4f9560c9\" data-element_type=\"column\" data-e-type=\"column\">\n\t\t\t<div class=\"elementor-widget-wrap elementor-element-populated\">\n\t\t\t\t\t\t<div class=\"elementor-element elementor-element-12c58feb elementor-widget elementor-widget-heading\" data-id=\"12c58feb\" data-element_type=\"widget\" data-e-type=\"widget\" data-widget_type=\"heading.default\">\n\t\t\t\t<div class=\"elementor-widget-container\">\n\t\t\t\t\t<h2 class=\"elementor-heading-title elementor-size-default\">11 huglei\u00f0ingar \u00feegar kaupa skal almannatengslar\u00e1\u00f0gj\u00f6f<\/h2>\t\t\t\t<\/div>\n\t\t\t\t<\/div>\n\t\t\t\t<div class=\"elementor-element elementor-element-10dcfc9d elementor-widget elementor-widget-text-editor\" data-id=\"10dcfc9d\" data-element_type=\"widget\" data-e-type=\"widget\" data-widget_type=\"text-editor.default\">\n\t\t\t\t<div class=\"elementor-widget-container\">\n\t\t\t\t\t\t\t\t\t<p><strong>\u00cd hnotskurn sn\u00faast velheppnu\u00f0 almannatengsl um a\u00f0 fanga athygli r\u00e9tta\u00a0 f\u00f3lksins \u00e1 r\u00e9ttum t\u00edma og a\u00f0 r\u00e9tt s\u00e9 sta\u00f0i\u00f0 a\u00f0 \u00f6llu. Almannatengsl fjalla a\u00f0 j\u00f6fnu um samskipti og heg\u00f0un \u00feeirra sem a\u00f0 \u00feeim koma. En til \u00feess \u00fearf fagf\u00f3lk \u00ed almannatengslum. St\u00f3ra spurningin er, hvernig velur ma\u00f0ur almannatengslar\u00e1\u00f0gj\u00f6f? H\u00e9r eru nokkur atri\u00f0i sem gott er a\u00f0 hafa \u00ed huga:<\/strong><\/p>\t\t\t\t\t\t\t\t<\/div>\n\t\t\t\t<\/div>\n\t\t\t\t<div class=\"elementor-element elementor-element-890662a elementor-button-success elementor-widget elementor-widget-button\" data-id=\"890662a\" data-element_type=\"widget\" data-e-type=\"widget\" data-widget_type=\"button.default\">\n\t\t\t\t<div class=\"elementor-widget-container\">\n\t\t\t\t\t\t\t\t\t<div class=\"elementor-button-wrapper\">\n\t\t\t\t\t<a class=\"elementor-button elementor-button-link elementor-size-sm elementor-animation-grow\" href=\"\/index.php\/11-hugleidingar-thegar-kaupa-skal-almannatengslaradgjof\/\">\n\t\t\t\t\t\t<span class=\"elementor-button-content-wrapper\">\n\t\t\t\t\t\t\t\t\t<span class=\"elementor-button-text\">smelltu &amp; lestu \u00bb<\/span>\n\t\t\t\t\t<\/span>\n\t\t\t\t\t<\/a>\n\t\t\t\t<\/div>\n\t\t\t\t\t\t\t\t<\/div>\n\t\t\t\t<\/div>\n\t\t\t\t\t<\/div>\n\t\t<\/div>\n\t\t\t\t\t<\/div>\n\t\t<\/section>\n\t\t\t\t<section class=\"elementor-section elementor-top-section elementor-element elementor-element-cb91fae elementor-section-boxed elementor-section-height-default elementor-section-height-default\" data-id=\"cb91fae\" data-element_type=\"section\" data-e-type=\"section\">\n\t\t\t\t\t\t<div class=\"elementor-container elementor-column-gap-default\">\n\t\t\t\t\t<div class=\"elementor-column elementor-col-50 elementor-top-column elementor-element elementor-element-d42de46\" data-id=\"d42de46\" data-element_type=\"column\" data-e-type=\"column\">\n\t\t\t<div class=\"elementor-widget-wrap elementor-element-populated\">\n\t\t\t\t\t\t<div class=\"elementor-element elementor-element-4fd1946 elementor-grid-2 elementor-grid-tablet-2 elementor-grid-mobile-1 elementor-posts--thumbnail-top elementor-widget elementor-widget-posts\" data-id=\"4fd1946\" data-element_type=\"widget\" data-e-type=\"widget\" data-settings=\"{&quot;classic_columns&quot;:&quot;2&quot;,&quot;classic_columns_tablet&quot;:&quot;2&quot;,&quot;classic_columns_mobile&quot;:&quot;1&quot;,&quot;classic_row_gap&quot;:{&quot;unit&quot;:&quot;px&quot;,&quot;size&quot;:35,&quot;sizes&quot;:[]},&quot;classic_row_gap_tablet&quot;:{&quot;unit&quot;:&quot;px&quot;,&quot;size&quot;:&quot;&quot;,&quot;sizes&quot;:[]},&quot;classic_row_gap_mobile&quot;:{&quot;unit&quot;:&quot;px&quot;,&quot;size&quot;:&quot;&quot;,&quot;sizes&quot;:[]}}\" data-widget_type=\"posts.classic\">\n\t\t\t\t<div class=\"elementor-widget-container\">\n\t\t\t\t\t\t\t<div class=\"elementor-posts-container elementor-posts elementor-posts--skin-classic elementor-grid\">\n\t\t\t\t<article class=\"elementor-post elementor-grid-item post-1284 post type-post status-publish format-standard has-post-thumbnail hentry category-uncategorized tag-almannatengsl tag-almannatengslaradgjof tag-cohn-wolfe-a-islandi tag-serfraediradgjof tag-serfraedithjonusta tag-wpp-group\">\n\t\t\t\t<a class=\"elementor-post__thumbnail__link\" href=\"https:\/\/cohnwolfe.is\/index.php\/2024\/08\/06\/aunnid-traust-serfraedinga-i-almannatengslum\/\" tabindex=\"-1\" >\n\t\t\t<div class=\"elementor-post__thumbnail\"><img fetchpriority=\"high\" decoding=\"async\" width=\"440\" height=\"189\" src=\"https:\/\/cohnwolfe.is\/wp-content\/uploads\/2014\/07\/handtak_440px.jpg\" class=\"attachment-large size-large wp-image-134\" alt=\"Handaband\" srcset=\"https:\/\/cohnwolfe.is\/wp-content\/uploads\/2014\/07\/handtak_440px.jpg 440w, https:\/\/cohnwolfe.is\/wp-content\/uploads\/2014\/07\/handtak_440px-300x129.jpg 300w\" sizes=\"(max-width: 440px) 100vw, 440px\" \/><\/div>\n\t\t<\/a>\n\t\t\t\t<div class=\"elementor-post__text\">\n\t\t\t\t<h2 class=\"elementor-post__title\">\n\t\t\t<a href=\"https:\/\/cohnwolfe.is\/index.php\/2024\/08\/06\/aunnid-traust-serfraedinga-i-almannatengslum\/\" >\n\t\t\t\t\u00c1unni\u00f0 traust s\u00e9rfr\u00e6\u00f0inga \u00ed almannatengslum\t\t\t<\/a>\n\t\t<\/h2>\n\t\t\t\t<div class=\"elementor-post__excerpt\">\n\t\t\t<p>Cohn &amp; Wolfe \u00e1 \u00cdslandi er hluti af WPP Group sem er eitt st\u00e6rsta fyrirt\u00e6ki \u00e1 svi\u00f0i samh\u00e6f\u00f0rar bo\u00f0mi\u00f0lunar e\u00f0a<\/p>\n\t\t<\/div>\n\t\t\n\t\t<a class=\"elementor-post__read-more\" href=\"https:\/\/cohnwolfe.is\/index.php\/2024\/08\/06\/aunnid-traust-serfraedinga-i-almannatengslum\/\" aria-label=\"Read more about \u00c1unni\u00f0 traust s\u00e9rfr\u00e6\u00f0inga \u00ed almannatengslum\" tabindex=\"-1\" >\n\t\t\tsmelltu &amp; lestu \u00bb\t\t<\/a>\n\n\t\t\t\t<\/div>\n\t\t\t\t<\/article>\n\t\t\t\t<article class=\"elementor-post elementor-grid-item post-1278 post type-post status-publish format-standard has-post-thumbnail hentry category-ulfaslod category-uncategorized\">\n\t\t\t\t<a class=\"elementor-post__thumbnail__link\" href=\"https:\/\/cohnwolfe.is\/index.php\/2024\/07\/16\/fyrirtaeki-innan-wpp-group-hlutu-margvisleg-verdlaun-a-althjodlegu-cannes-lion-verdlaunahatidinni\/\" tabindex=\"-1\" >\n\t\t\t<div class=\"elementor-post__thumbnail\"><img decoding=\"async\" width=\"1024\" height=\"571\" src=\"https:\/\/cohnwolfe.is\/wp-content\/uploads\/2024\/07\/Cannes-Lion-2024_Mynd.png\" class=\"attachment-large size-large wp-image-1279\" alt=\"\" srcset=\"https:\/\/cohnwolfe.is\/wp-content\/uploads\/2024\/07\/Cannes-Lion-2024_Mynd.png 1024w, https:\/\/cohnwolfe.is\/wp-content\/uploads\/2024\/07\/Cannes-Lion-2024_Mynd-300x167.png 300w, https:\/\/cohnwolfe.is\/wp-content\/uploads\/2024\/07\/Cannes-Lion-2024_Mynd-768x428.png 768w\" sizes=\"(max-width: 1024px) 100vw, 1024px\" \/><\/div>\n\t\t<\/a>\n\t\t\t\t<div class=\"elementor-post__text\">\n\t\t\t\t<h2 class=\"elementor-post__title\">\n\t\t\t<a href=\"https:\/\/cohnwolfe.is\/index.php\/2024\/07\/16\/fyrirtaeki-innan-wpp-group-hlutu-margvisleg-verdlaun-a-althjodlegu-cannes-lion-verdlaunahatidinni\/\" >\n\t\t\t\tFyrirt\u00e6ki innan WPP Group hlutu margv\u00edsleg ver\u00f0laun \u00e1 al\u00fej\u00f3\u00f0legu Cannes Lion ver\u00f0launah\u00e1t\u00ed\u00f0inni\t\t\t<\/a>\n\t\t<\/h2>\n\t\t\t\t<div class=\"elementor-post__excerpt\">\n\t\t\t<p>Cohn &amp; Wolfe \u00cdslandi er hluti af WPP Group og hluti af einu st\u00e6rsta fyrirt\u00e6ki \u00e1 svi\u00f0i samh\u00e6f\u00f0rar bo\u00f0mi\u00f0lunar e\u00f0a<\/p>\n\t\t<\/div>\n\t\t\n\t\t<a class=\"elementor-post__read-more\" href=\"https:\/\/cohnwolfe.is\/index.php\/2024\/07\/16\/fyrirtaeki-innan-wpp-group-hlutu-margvisleg-verdlaun-a-althjodlegu-cannes-lion-verdlaunahatidinni\/\" aria-label=\"Read more about Fyrirt\u00e6ki innan WPP Group hlutu margv\u00edsleg ver\u00f0laun \u00e1 al\u00fej\u00f3\u00f0legu Cannes Lion ver\u00f0launah\u00e1t\u00ed\u00f0inni\" tabindex=\"-1\" >\n\t\t\tsmelltu &amp; lestu \u00bb\t\t<\/a>\n\n\t\t\t\t<\/div>\n\t\t\t\t<\/article>\n\t\t\t\t<\/div>\n\t\t\n\t\t\t\t\t\t<\/div>\n\t\t\t\t<\/div>\n\t\t\t\t\t<\/div>\n\t\t<\/div>\n\t\t\t\t<div class=\"elementor-column elementor-col-50 elementor-top-column elementor-element elementor-element-fa8d0b2\" data-id=\"fa8d0b2\" data-element_type=\"column\" data-e-type=\"column\" data-settings=\"{&quot;background_background&quot;:&quot;classic&quot;}\">\n\t\t\t<div class=\"elementor-widget-wrap elementor-element-populated\">\n\t\t\t\t\t\t<div class=\"elementor-element elementor-element-d05577f elementor-grid-1 elementor-grid-tablet-1 elementor-grid-mobile-1 elementor-posts--thumbnail-top elementor-widget elementor-widget-posts\" data-id=\"d05577f\" data-element_type=\"widget\" data-e-type=\"widget\" data-settings=\"{&quot;classic_columns&quot;:&quot;1&quot;,&quot;classic_columns_tablet&quot;:&quot;1&quot;,&quot;classic_columns_mobile&quot;:&quot;1&quot;,&quot;classic_row_gap&quot;:{&quot;unit&quot;:&quot;px&quot;,&quot;size&quot;:35,&quot;sizes&quot;:[]},&quot;classic_row_gap_tablet&quot;:{&quot;unit&quot;:&quot;px&quot;,&quot;size&quot;:&quot;&quot;,&quot;sizes&quot;:[]},&quot;classic_row_gap_mobile&quot;:{&quot;unit&quot;:&quot;px&quot;,&quot;size&quot;:&quot;&quot;,&quot;sizes&quot;:[]}}\" data-widget_type=\"posts.classic\">\n\t\t\t\t<div class=\"elementor-widget-container\">\n\t\t\t\t\t\t\t<div class=\"elementor-posts-container elementor-posts elementor-posts--skin-classic elementor-grid\">\n\t\t\t\t<article class=\"elementor-post elementor-grid-item post-256 post type-post status-publish format-standard has-post-thumbnail hentry category-ulfaslod\">\n\t\t\t\t<a class=\"elementor-post__thumbnail__link\" href=\"https:\/\/cohnwolfe.is\/index.php\/2018\/10\/09\/gaet-um-nytt-fag-for-stjora-bet-ur\/\" tabindex=\"-1\" >\n\t\t\t<div class=\"elementor-post__thumbnail\"><img decoding=\"async\" width=\"1024\" height=\"576\" src=\"https:\/\/cohnwolfe.is\/wp-content\/uploads\/2018\/10\/Gudjon_H_Palson_P3222056-scaled-e1618927038161-1024x576.jpg\" class=\"attachment-large size-large wp-image-889\" alt=\"Gu\u00f0j\u00f3n Hei\u00f0ar P\u00e1lson | Cohn &amp; Wolfe \u00cdslandi\" \/><\/div>\n\t\t<\/a>\n\t\t\t\t<div class=\"elementor-post__text\">\n\t\t\t\t<h2 class=\"elementor-post__title\">\n\t\t\t<a href=\"https:\/\/cohnwolfe.is\/index.php\/2018\/10\/09\/gaet-um-nytt-fag-for-stjora-bet-ur\/\" >\n\t\t\t\tG\u00e6t\u00adum n\u00fdtt fag\u00adfor\u00adstj\u00f3ra bet\u00adur\t\t\t<\/a>\n\t\t<\/h2>\n\t\t\t\t<div class=\"elementor-post__excerpt\">\n\t\t\t<p>Gu\u00f0j\u00f3n Hei\u00f0ar P\u00e1ls\u00adson seg\u00adir \u00eds\u00adlensk\u00adum fyr\u00adir\u00adt\u00e6kj\u00adum h\u00e6tta til a\u00f0 velja sk. geira\u00adfor\u00adstj\u00f3ra frek\u00adar en fag\u00adfor\u00adstj\u00f3ra til a\u00f0 st\u00fdra rekstr\u00adin\u00adum. \u201e\u00deekk\u00ading\u00adar\u00adlega<\/p>\n\t\t<\/div>\n\t\t\n\t\t<a class=\"elementor-post__read-more\" href=\"https:\/\/cohnwolfe.is\/index.php\/2018\/10\/09\/gaet-um-nytt-fag-for-stjora-bet-ur\/\" aria-label=\"Read more about G\u00e6t\u00adum n\u00fdtt fag\u00adfor\u00adstj\u00f3ra bet\u00adur\" tabindex=\"-1\" >\n\t\t\tsmelltu &amp; lestu \u00bb\t\t<\/a>\n\n\t\t\t\t<\/div>\n\t\t\t\t<\/article>\n\t\t\t\t<\/div>\n\t\t\n\t\t\t\t\t\t<\/div>\n\t\t\t\t<\/div>\n\t\t\t\t\t<\/div>\n\t\t<\/div>\n\t\t\t\t\t<\/div>\n\t\t<\/section>\n\t\t\t\t<\/div>\n\t\t","protected":false},"excerpt":{"rendered":"<p>11 huglei\u00f0ingar \u00feegar kaupa skal almannatengslar\u00e1\u00f0gj\u00f6f \u00cd hnotskurn sn\u00faast velheppnu\u00f0 almannatengsl um a\u00f0 fanga athygli r\u00e9tta\u00a0 f\u00f3lksins \u00e1 r\u00e9ttum t\u00edma og a\u00f0 r\u00e9tt s\u00e9 sta\u00f0i\u00f0 a\u00f0 \u00f6llu. Almannatengsl fjalla a\u00f0 j\u00f6fnu um samskipti og heg\u00f0un \u00feeirra sem a\u00f0 \u00feeim koma. En til \u00feess \u00fearf fagf\u00f3lk \u00ed almannatengslum. St\u00f3ra spurningin er, hvernig velur ma\u00f0ur almannatengslar\u00e1\u00f0gj\u00f6f? H\u00e9r&#8230;<\/p>\n<p class=\"more-link\"><a href=\"https:\/\/cohnwolfe.is\/index.php\/2018\/10\/09\/gaet-um-nytt-fag-for-stjora-bet-ur\/\"><span>Read More<\/span><i>&#43;<\/i><\/a><\/p>\n","protected":false},"author":2,"featured_media":0,"parent":0,"menu_order":0,"comment_status":"closed","ping_status":"closed","template":"elementor_header_footer","meta":{"footnotes":""},"class_list":["post-325","page","type-page","status-publish","hentry"],"_links":{"self":[{"href":"https:\/\/cohnwolfe.is\/index.php\/wp-json\/wp\/v2\/pages\/325","targetHints":{"allow":["GET"]}}],"collection":[{"href":"https:\/\/cohnwolfe.is\/index.php\/wp-json\/wp\/v2\/pages"}],"about":[{"href":"https:\/\/cohnwolfe.is\/index.php\/wp-json\/wp\/v2\/types\/page"}],"author":[{"embeddable":true,"href":"https:\/\/cohnwolfe.is\/index.php\/wp-json\/wp\/v2\/users\/2"}],"replies":[{"embeddable":true,"href":"https:\/\/cohnwolfe.is\/index.php\/wp-json\/wp\/v2\/comments?post=325"}],"version-history":[{"count":73,"href":"https:\/\/cohnwolfe.is\/index.php\/wp-json\/wp\/v2\/pages\/325\/revisions"}],"predecessor-version":[{"id":1006,"href":"https:\/\/cohnwolfe.is\/index.php\/wp-json\/wp\/v2\/pages\/325\/revisions\/1006"}],"wp:attachment":[{"href":"https:\/\/cohnwolfe.is\/index.php\/wp-json\/wp\/v2\/media?parent=325"}],"curies":[{"name":"wp","href":"https:\/\/api.w.org\/{rel}","templated":true}]}}